{"id":134,"date":"2021-06-25T14:45:30","date_gmt":"2021-06-25T12:45:30","guid":{"rendered":"http:\/\/wrnzdpp.cluster028.hosting.ovh.net\/?page_id=134"},"modified":"2022-01-14T10:25:18","modified_gmt":"2022-01-14T09:25:18","slug":"la-brasserie-les-3-promises","status":"publish","type":"page","link":"https:\/\/les3promises.com\/index.php\/la-brasserie-les-3-promises\/","title":{"rendered":"La brasserie les 3 promises"},"content":{"rendered":"<p><div class=\"fusion-fullwidth fullwidth-box fusion-builder-row-1 fusion-flex-container fusion-parallax-none hundred-percent-fullwidth non-hundred-percent-height-scrolling fusion-no-small-visibility fusion-no-medium-visibility\" style=\"background-color: rgba(255,255,255,0);background-image: url(&quot;https:\/\/les3promises.com\/wp-content\/uploads\/2021\/06\/les-3-promises-brasserie-artisanale-scaled.jpg&quot;);background-position: center center;background-repeat: no-repeat;border-width: 0px 0px 0px 0px;border-color:#e2e2e2;border-style:solid;-webkit-background-size:cover;-moz-background-size:cover;-o-background-size:cover;background-size:cover;\" ><div class=\"fusion-builder-row fusion-row fusion-flex-align-items-flex-start\" style=\"width:104% !important;max-width:104% !important;margin-left: calc(-4% \/ 2 );margin-right: calc(-4% \/ 2 );\"><div class=\"fusion-layout-column fusion_builder_column fusion-builder-column-0 fusion_builder_column_1_2 1_2 fusion-flex-column\"><div class=\"fusion-column-wrapper fusion-flex-justify-content-flex-start fusion-content-layout-column\" style=\"background-position:left top;background-repeat:no-repeat;-webkit-background-size:cover;-moz-background-size:cover;-o-background-size:cover;background-size:cover;padding: 0px 0px 0px 0px;\"><\/div><style type=\"text\/css\">.fusion-body .fusion-builder-column-0{width:50% !important;margin-top : 0px;margin-bottom : 0px;}.fusion-builder-column-0 > .fusion-column-wrapper {padding-top : 0px !important;padding-right : 0px !important;margin-right : 5.12%;padding-bottom : 0px !important;padding-left : 0px !important;margin-left : 3.84%;}@media only screen and (max-width:1024px) {.fusion-body .fusion-builder-column-0{width:50% !important;}.fusion-builder-column-0 > .fusion-column-wrapper {margin-right : 5.12%;margin-left : 3.84%;}}@media only screen and (max-width:640px) {.fusion-body .fusion-builder-column-0{width:100% !important;}.fusion-builder-column-0 > .fusion-column-wrapper {margin-right : 1.92%;margin-left : 1.92%;}}<\/style><\/div><div class=\"fusion-layout-column fusion_builder_column fusion-builder-column-1 fusion_builder_column_1_2 1_2 fusion-flex-column bloc-decouverte\"><div class=\"fusion-column-wrapper fusion-flex-justify-content-center fusion-content-layout-column\" style=\"background-position:left top;background-repeat:no-repeat;-webkit-background-size:cover;-moz-background-size:cover;-o-background-size:cover;background-size:cover;background-color:rgba(247,120,81,0.9);padding: 60px 80px 60px 80px;\"><div ><span class=\" fusion-imageframe imageframe-none imageframe-1 hover-type-none illustration-top\" style=\"margin-top:-100px;\"><img width=\"277\" height=\"206\" title=\"brasserie-3promises-illustration1\" src=\"http:\/\/wrnzdpp.cluster028.hosting.ovh.net\/wp-content\/uploads\/2021\/06\/brasserie-3promises-illustration1.png\" class=\"img-responsive wp-image-50\" srcset=\"https:\/\/les3promises.com\/wp-content\/uploads\/2021\/06\/brasserie-3promises-illustration1-200x149.png 200w, https:\/\/les3promises.com\/wp-content\/uploads\/2021\/06\/brasserie-3promises-illustration1.png 277w\" sizes=\"(max-width: 640px) 100vw, 277px\" \/><\/span><\/div><div class=\"fusion-text fusion-text-1\"><h1 style=\"text-align: center;\">Les 3 Promises<\/h1>\n<\/div><div class=\"fusion-text fusion-text-2\"><h2 style=\"text-align: center;\">En Charente-Maritime<\/h2>\n<\/div><div class=\"fusion-text fusion-text-3\"><p style=\"text-align: center;\">C&rsquo;est lors de notre mariage en ao\u00fbt 2016 \u00e0 Neuvicq que l&rsquo;id\u00e9e de cr\u00e9er une brasserie artisanale est n\u00e9e. Il y aurait une brasserie artisanale \u00e0 Neuvicq dans les prochaines ann\u00e9es.<\/p>\n<p style=\"text-align: center;\">Il a fallu commencer par le b-a-ba : brasser dans sa cuisine pour tester diff\u00e9rentes recettes et se familiariser avec toutes les subtilit\u00e9s de la conception de la bi\u00e8re. Faire de la bi\u00e8re c&rsquo;est facile, faire de la bonne bi\u00e8re c&rsquo;est une autre histoire.<\/p>\n<\/div><div class=\"fusion-text fusion-text-4\"><p style=\"text-align: center;\">En septembre 2018, nos bagages sont pr\u00eats, au revoir le nord de la France, nous d\u00e9m\u00e9nageons en Charente-Maritime et le travail sur le lieu du projet peut commencer.<\/p>\n<p style=\"text-align: center;\">Sur ce m\u00eame lieu, il y a eu trois mariages : en ao\u00fbt 1946 avec les grands-parents de mon \u00e9pouse, en ao\u00fbt 1976 avec ses parents et 40 ans plus tard, le n\u00f4tre.<\/p>\n<p style=\"text-align: center;\">L&rsquo;id\u00e9e du nom de la brasserie vient de cet historique : les 3 promises.<\/p>\n<\/div><\/div><style type=\"text\/css\">.fusion-body .fusion-builder-column-1{width:50% !important;margin-top : 0px;margin-bottom : 0px;}.fusion-builder-column-1 > .fusion-column-wrapper {padding-top : 60 !important;padding-right : 80 !important;margin-right : 3.84%;padding-bottom : 60 !important;padding-left : 80 !important;margin-left : 2.56%;}@media only screen and (max-width:1024px) {.fusion-body .fusion-builder-column-1{width:50% !important;order : 0;}.fusion-builder-column-1 > .fusion-column-wrapper {margin-right : 3.84%;margin-left : 2.56%;}}@media only screen and (max-width:640px) {.fusion-body .fusion-builder-column-1{width:100% !important;order : 0;}.fusion-builder-column-1 > .fusion-column-wrapper {margin-right : 1.92%;margin-left : 1.92%;}}<\/style><\/div><\/div><style type=\"text\/css\">.fusion-body .fusion-flex-container.fusion-builder-row-1{ padding-top : 0px;margin-top : 0px;padding-right : 0px;padding-bottom : 0px;margin-bottom : 0px;padding-left : 0px;}<\/style><\/div><div class=\"fusion-fullwidth fullwidth-box fusion-builder-row-2 fusion-flex-container fusion-parallax-none hundred-percent-fullwidth non-hundred-percent-height-scrolling fusion-no-large-visibility\" style=\"background-color: rgba(255,255,255,0);background-image: url(&quot;http:\/\/wrnzdpp.cluster028.hosting.ovh.net\/wp-content\/uploads\/2021\/06\/les-3-promises-brasserie-artisanale-scaled.jpg&quot;);background-position: center center;background-repeat: no-repeat;border-width: 0px 0px 0px 0px;border-color:#e2e2e2;border-style:solid;-webkit-background-size:cover;-moz-background-size:cover;-o-background-size:cover;background-size:cover;\" ><div class=\"fusion-builder-row fusion-row fusion-flex-align-items-flex-start\" style=\"width:104% !important;max-width:104% !important;margin-left: calc(-4% \/ 2 );margin-right: calc(-4% \/ 2 );\"><div class=\"fusion-layout-column fusion_builder_column fusion-builder-column-2 fusion_builder_column_1_1 1_1 fusion-flex-column bloc-decouverte\"><div class=\"fusion-column-wrapper fusion-flex-justify-content-center fusion-content-layout-column\" style=\"background-position:left top;background-repeat:no-repeat;-webkit-background-size:cover;-moz-background-size:cover;-o-background-size:cover;background-size:cover;background-color:rgba(247,120,81,0.9);padding: 60px 40px 60px 40px;\"><div ><span class=\" fusion-imageframe imageframe-none imageframe-2 hover-type-none illustration-top\" style=\"margin-top:-100px;\"><img width=\"277\" height=\"206\" title=\"brasserie-3promises-illustration1\" src=\"http:\/\/wrnzdpp.cluster028.hosting.ovh.net\/wp-content\/uploads\/2021\/06\/brasserie-3promises-illustration1.png\" class=\"img-responsive wp-image-50\" srcset=\"https:\/\/les3promises.com\/wp-content\/uploads\/2021\/06\/brasserie-3promises-illustration1-200x149.png 200w, https:\/\/les3promises.com\/wp-content\/uploads\/2021\/06\/brasserie-3promises-illustration1.png 277w\" sizes=\"(max-width: 640px) 100vw, 277px\" \/><\/span><\/div><div class=\"fusion-text fusion-text-5\"><h1 style=\"text-align: center;\">Les 3 Promises<\/h1>\n<\/div><div class=\"fusion-text fusion-text-6\"><h2 style=\"text-align: center;\">En Charente-Maritime<\/h2>\n<\/div><div class=\"fusion-text fusion-text-7\"><p style=\"text-align: center;\">C&rsquo;est lors de notre mariage en ao\u00fbt 2016 \u00e0 Neuvicq que l&rsquo;id\u00e9e de cr\u00e9er une brasserie artisanale est n\u00e9e. Il y aurait une brasserie artisanale \u00e0 Neuvicq dans les prochaines ann\u00e9es.<\/p>\n<p style=\"text-align: center;\">Il a fallu commencer par le b-a-ba : brasser dans sa cuisine pour tester diff\u00e9rentes recettes et se familiariser avec toutes les subtilit\u00e9s de la conception de la bi\u00e8re. Faire de la bi\u00e8re c&rsquo;est facile, faire de la bonne bi\u00e8re c&rsquo;est une autre histoire.<\/p>\n<\/div><div class=\"fusion-text fusion-text-8\"><p style=\"text-align: center;\">En septembre 2018, nos bagages sont pr\u00eats, au revoir le nord de la France, nous d\u00e9m\u00e9nageons en Charente-Maritime et le travail sur le lieu du projet peut commencer.<\/p>\n<p style=\"text-align: center;\">Sur ce m\u00eame lieu, il y a eu trois mariages : en ao\u00fbt 1946 avec les grands-parents de mon \u00e9pouse, en ao\u00fbt 1976 avec ses parents et 40 ans plus tard, le n\u00f4tre.<\/p>\n<p style=\"text-align: center;\">L&rsquo;id\u00e9e du nom de la brasserie vient de cet historique : les 3 promises.<\/p>\n<\/div><\/div><style type=\"text\/css\">.fusion-body .fusion-builder-column-2{width:100% !important;margin-top : 0px;margin-bottom : 0px;}.fusion-builder-column-2 > .fusion-column-wrapper {padding-top : 60 !important;padding-right : 40 !important;margin-right : 1.92%;padding-bottom : 60 !important;padding-left : 40 !important;margin-left : 1.92%;}@media only screen and (max-width:1024px) {.fusion-body .fusion-builder-column-2{width:100% !important;order : 0;}.fusion-builder-column-2 > .fusion-column-wrapper {margin-right : 1.92%;margin-left : 1.92%;}}@media only screen and (max-width:640px) {.fusion-body .fusion-builder-column-2{width:100% !important;order : 0;}.fusion-builder-column-2 > .fusion-column-wrapper {margin-right : 1.92%;margin-left : 1.92%;}}<\/style><\/div><\/div><style type=\"text\/css\">.fusion-body .fusion-flex-container.fusion-builder-row-2{ padding-top : 0px;margin-top : 0px;padding-right : 0px;padding-bottom : 0px;margin-bottom : 0px;padding-left : 0px;}<\/style><\/div><div class=\"fusion-fullwidth fullwidth-box fusion-builder-row-3 fusion-flex-container content-beer hundred-percent-fullwidth non-hundred-percent-height-scrolling\" style=\"background-color: #f3f3f3;background-position: right center;background-repeat: no-repeat;border-width: 0px 0px 0px 0px;border-color:#e2e2e2;border-style:solid;\" ><div class=\"fusion-builder-row fusion-row fusion-flex-align-items-flex-start\" style=\"width:104% !important;max-width:104% !important;margin-left: calc(-4% \/ 2 );margin-right: calc(-4% \/ 2 );\"><div class=\"fusion-layout-column fusion_builder_column fusion-builder-column-3 fusion_builder_column_1_1 1_1 fusion-flex-column bloc-decouverte\"><div class=\"fusion-column-wrapper fusion-flex-justify-content-center fusion-content-layout-column\" style=\"background-position:left top;background-repeat:no-repeat;-webkit-background-size:cover;-moz-background-size:cover;-o-background-size:cover;background-size:cover;padding: 60px 80px 60px 120px;\"><div class=\"fusion-text fusion-text-9\"><h3 style=\"text-align: center;\">Suivez nous sur les r\u00e9seaux sociaux<\/h3>\n<\/div><div class=\"fusion-text fusion-text-10\"><h4 style=\"text-align: center;\">Et partagez vos moments de d\u00e9gustation<\/h4>\n<\/div><div style=\"text-align:center;\"><style type=\"text\/css\">.fusion-button.button-1 .fusion-button-text, .fusion-button.button-1 i {color:#ffffff;}.fusion-button.button-1 .fusion-button-icon-divider{border-color:#ffffff;}.fusion-button.button-1:hover .fusion-button-text, .fusion-button.button-1:hover i,.fusion-button.button-1:focus .fusion-button-text, .fusion-button.button-1:focus i,.fusion-button.button-1:active .fusion-button-text, .fusion-button.button-1:active{color:#ffffff;}.fusion-button.button-1:hover .fusion-button-icon-divider, .fusion-button.button-1:hover .fusion-button-icon-divider, .fusion-button.button-1:active .fusion-button-icon-divider{border-color:#ffffff;}.fusion-button.button-1:hover, .fusion-button.button-1:focus, .fusion-button.button-1:active{border-color:#ffffff;}.fusion-button.button-1 {border-color:#ffffff;border-radius:40px;}.fusion-button.button-1{background: #ec6f5a;}.fusion-button.button-1:hover,.button-1:focus,.fusion-button.button-1:active{background: #ec6f5a;}<\/style><a class=\"fusion-button button-flat fusion-button-default-size button-custom button-1 fusion-button-default-span fusion-button-default-type\" target=\"_self\" href=\"#\" style=\"margin-top:20px;\"><span class=\"fusion-button-text\">D\u00e9couvrez nos publications<\/span><\/a><\/div><\/div><style type=\"text\/css\">.fusion-body .fusion-builder-column-3{width:100% !important;margin-top : 0px;margin-bottom : 0px;}.fusion-builder-column-3 > .fusion-column-wrapper {padding-top : 60 !important;padding-right : 80 !important;margin-right : 1.92%;padding-bottom : 60 !important;padding-left : 120 !important;margin-left : 1.28%;}@media only screen and (max-width:1024px) {.fusion-body .fusion-builder-column-3{width:100% !important;order : 0;}.fusion-builder-column-3 > .fusion-column-wrapper {margin-right : 1.92%;margin-left : 1.28%;}}@media only screen and (max-width:640px) {.fusion-body .fusion-builder-column-3{width:100% !important;order : 0;}.fusion-builder-column-3 > .fusion-column-wrapper {margin-right : 1.92%;margin-left : 1.92%;}}<\/style><\/div><\/div><style type=\"text\/css\">.fusion-body .fusion-flex-container.fusion-builder-row-3{ padding-top : 0px;margin-top : 0px;padding-right : 0px;padding-bottom : 0px;margin-bottom : 0px;padding-left : 0px;}<\/style><\/div><div class=\"fusion-fullwidth fullwidth-box fusion-builder-row-4 fusion-flex-container nonhundred-percent-fullwidth non-hundred-percent-height-scrolling\" style=\"background-color: rgba(255,255,255,0);background-position: center center;background-repeat: no-repeat;border-width: 0px 0px 0px 0px;border-color:#e2e2e2;border-style:solid;\" ><div class=\"fusion-builder-row fusion-row fusion-flex-align-items-flex-start\" style=\"max-width:1248px;margin-left: calc(-4% \/ 2 );margin-right: calc(-4% \/ 2 );\"><div class=\"fusion-layout-column fusion_builder_column fusion-builder-column-4 fusion_builder_column_1_1 1_1 fusion-flex-column\"><div class=\"fusion-column-wrapper fusion-flex-justify-content-flex-start fusion-content-layout-column\" style=\"background-position:left top;background-repeat:no-repeat;-webkit-background-size:cover;-moz-background-size:cover;-o-background-size:cover;background-size:cover;padding: 0px 0px 0px 0px;\"><style type=\"text\/css\">.fusion-gallery-1 .fusion-gallery-image {border:0px solid #e2e2e2;}<\/style><div class=\"fusion-gallery fusion-gallery-container fusion-grid-3 fusion-columns-total-4 fusion-gallery-layout-grid fusion-gallery-1\" style=\"margin:-5px;\"><div style=\"padding:5px;\" class=\"fusion-grid-column fusion-gallery-column fusion-gallery-column-3 hover-type-none\"><div class=\"fusion-gallery-image\"><img src=\"https:\/\/les3promises.com\/wp-content\/uploads\/2021\/06\/brasserie-3-promises-neuvicq-biere1.jpg\" width=\"800\" height=\"1311\" alt=\"\" title=\"brasserie-3-promises-neuvicq-biere1\" aria-label=\"brasserie-3-promises-neuvicq-biere1\" class=\"img-responsive wp-image-121\" srcset=\"https:\/\/les3promises.com\/wp-content\/uploads\/2021\/06\/brasserie-3-promises-neuvicq-biere1-200x328.jpg 200w, https:\/\/les3promises.com\/wp-content\/uploads\/2021\/06\/brasserie-3-promises-neuvicq-biere1-400x656.jpg 400w, https:\/\/les3promises.com\/wp-content\/uploads\/2021\/06\/brasserie-3-promises-neuvicq-biere1-600x983.jpg 600w, https:\/\/les3promises.com\/wp-content\/uploads\/2021\/06\/brasserie-3-promises-neuvicq-biere1.jpg 800w\" sizes=\"(min-width: 2200px) 100vw, (min-width: 784px) 397px, (min-width: 712px) 595px, (min-width: 640px) 712px, \" \/><\/div><\/div><div style=\"padding:5px;\" class=\"fusion-grid-column fusion-gallery-column fusion-gallery-column-3 hover-type-none\"><div class=\"fusion-gallery-image\"><img src=\"https:\/\/les3promises.com\/wp-content\/uploads\/2021\/07\/brasserie_3promises_exterieur_neuvicq.jpg\" width=\"800\" height=\"799\" alt=\"\" title=\"brasserie_3promises_exterieur_neuvicq\" aria-label=\"brasserie_3promises_exterieur_neuvicq\" class=\"img-responsive wp-image-255\" srcset=\"https:\/\/les3promises.com\/wp-content\/uploads\/2021\/07\/brasserie_3promises_exterieur_neuvicq-200x200.jpg 200w, https:\/\/les3promises.com\/wp-content\/uploads\/2021\/07\/brasserie_3promises_exterieur_neuvicq-400x400.jpg 400w, https:\/\/les3promises.com\/wp-content\/uploads\/2021\/07\/brasserie_3promises_exterieur_neuvicq-600x599.jpg 600w, https:\/\/les3promises.com\/wp-content\/uploads\/2021\/07\/brasserie_3promises_exterieur_neuvicq.jpg 800w\" sizes=\"(min-width: 2200px) 100vw, (min-width: 784px) 397px, (min-width: 712px) 595px, (min-width: 640px) 712px, \" \/><\/div><\/div><div style=\"padding:5px;\" class=\"fusion-grid-column fusion-gallery-column fusion-gallery-column-3 hover-type-none\"><div class=\"fusion-gallery-image\"><img src=\"https:\/\/les3promises.com\/wp-content\/uploads\/2021\/06\/brasserie-3-promises-neuvicq-biere3.jpg\" width=\"800\" height=\"1311\" alt=\"\" title=\"brasserie-3-promises-neuvicq-biere3\" aria-label=\"brasserie-3-promises-neuvicq-biere3\" class=\"img-responsive wp-image-195\" srcset=\"https:\/\/les3promises.com\/wp-content\/uploads\/2021\/06\/brasserie-3-promises-neuvicq-biere3-200x328.jpg 200w, https:\/\/les3promises.com\/wp-content\/uploads\/2021\/06\/brasserie-3-promises-neuvicq-biere3-400x656.jpg 400w, https:\/\/les3promises.com\/wp-content\/uploads\/2021\/06\/brasserie-3-promises-neuvicq-biere3-600x983.jpg 600w, https:\/\/les3promises.com\/wp-content\/uploads\/2021\/06\/brasserie-3-promises-neuvicq-biere3.jpg 800w\" sizes=\"(min-width: 2200px) 100vw, (min-width: 784px) 397px, (min-width: 712px) 595px, (min-width: 640px) 712px, \" \/><\/div><\/div><div class=\"clearfix\"><\/div><div style=\"padding:5px;\" class=\"fusion-grid-column fusion-gallery-column fusion-gallery-column-3 hover-type-none\"><div class=\"fusion-gallery-image\"><img src=\"https:\/\/les3promises.com\/wp-content\/uploads\/2021\/06\/brasserie-3promises-neuvicq_news2.jpg\" width=\"1940\" height=\"770\" alt=\"\" title=\"brasserie-3promises-neuvicq_news2\" aria-label=\"brasserie-3promises-neuvicq_news2\" class=\"img-responsive wp-image-156\" srcset=\"https:\/\/les3promises.com\/wp-content\/uploads\/2021\/06\/brasserie-3promises-neuvicq_news2-200x79.jpg 200w, https:\/\/les3promises.com\/wp-content\/uploads\/2021\/06\/brasserie-3promises-neuvicq_news2-400x159.jpg 400w, https:\/\/les3promises.com\/wp-content\/uploads\/2021\/06\/brasserie-3promises-neuvicq_news2-600x238.jpg 600w, https:\/\/les3promises.com\/wp-content\/uploads\/2021\/06\/brasserie-3promises-neuvicq_news2-800x318.jpg 800w, https:\/\/les3promises.com\/wp-content\/uploads\/2021\/06\/brasserie-3promises-neuvicq_news2-1200x476.jpg 1200w, https:\/\/les3promises.com\/wp-content\/uploads\/2021\/06\/brasserie-3promises-neuvicq_news2.jpg 1940w\" sizes=\"(min-width: 2200px) 100vw, (min-width: 784px) 397px, (min-width: 712px) 595px, (min-width: 640px) 712px, \" \/><\/div><\/div><\/div><\/div><style type=\"text\/css\">.fusion-body .fusion-builder-column-4{width:100% !important;margin-top : 0px;margin-bottom : 20px;}.fusion-builder-column-4 > .fusion-column-wrapper {padding-top : 0px !important;padding-right : 0px !important;margin-right : 1.92%;padding-bottom : 0px !important;padding-left : 0px !important;margin-left : 1.92%;}@media only screen and (max-width:1024px) {.fusion-body .fusion-builder-column-4{width:100% !important;order : 0;}.fusion-builder-column-4 > .fusion-column-wrapper {margin-right : 1.92%;margin-left : 1.92%;}}@media only screen and (max-width:640px) {.fusion-body .fusion-builder-column-4{width:100% !important;order : 0;}.fusion-builder-column-4 > .fusion-column-wrapper {margin-right : 1.92%;margin-left : 1.92%;}}<\/style><\/div><\/div><style type=\"text\/css\">.fusion-body .fusion-flex-container.fusion-builder-row-4{ padding-top : 0px;margin-top : 100px;padding-right : 0px;padding-bottom : 0px;margin-bottom : 50px;padding-left : 0px;}<\/style><\/div><\/p>\n","protected":false},"excerpt":{"rendered":"","protected":false},"author":1,"featured_media":0,"parent":0,"menu_order":0,"comment_status":"closed","ping_status":"closed","template":"100-width.php","meta":[],"yoast_head":"<!-- This site is optimized with the Yoast SEO plugin v16.5 - https:\/\/yoast.com\/wordpress\/plugins\/seo\/ -->\n<title>La brasserie les 3 promises - Les 3 Promises<\/title>\n<meta name=\"robots\" content=\"index, follow, max-snippet:-1, max-image-preview:large, max-video-preview:-1\" \/>\n<link rel=\"canonical\" href=\"https:\/\/les3promises.com\/index.php\/la-brasserie-les-3-promises\/\" \/>\n<meta property=\"og:locale\" content=\"fr_FR\" \/>\n<meta property=\"og:type\" content=\"article\" \/>\n<meta property=\"og:title\" content=\"La brasserie les 3 promises - Les 3 Promises\" \/>\n<meta property=\"og:url\" content=\"https:\/\/les3promises.com\/index.php\/la-brasserie-les-3-promises\/\" \/>\n<meta property=\"og:site_name\" content=\"Les 3 Promises\" \/>\n<meta property=\"article:modified_time\" content=\"2022-01-14T09:25:18+00:00\" \/>\n<meta name=\"twitter:card\" content=\"summary_large_image\" \/>\n<meta name=\"twitter:label1\" content=\"Dur\u00e9e de lecture est.\" \/>\n\t<meta name=\"twitter:data1\" content=\"8 minutes\" \/>\n<script type=\"application\/ld+json\" class=\"yoast-schema-graph\">{\"@context\":\"https:\/\/schema.org\",\"@graph\":[{\"@type\":\"WebSite\",\"@id\":\"https:\/\/les3promises.com\/#website\",\"url\":\"https:\/\/les3promises.com\/\",\"name\":\"Les 3 Promises\",\"description\":\"brasserie artisanale \\u00e0 Neuvicq en Charente-Maritime\",\"potentialAction\":[{\"@type\":\"SearchAction\",\"target\":\"https:\/\/les3promises.com\/?s={search_term_string}\",\"query-input\":\"required name=search_term_string\"}],\"inLanguage\":\"fr-FR\"},{\"@type\":\"WebPage\",\"@id\":\"https:\/\/les3promises.com\/index.php\/la-brasserie-les-3-promises\/#webpage\",\"url\":\"https:\/\/les3promises.com\/index.php\/la-brasserie-les-3-promises\/\",\"name\":\"La brasserie les 3 promises - Les 3 Promises\",\"isPartOf\":{\"@id\":\"https:\/\/les3promises.com\/#website\"},\"datePublished\":\"2021-06-25T12:45:30+00:00\",\"dateModified\":\"2022-01-14T09:25:18+00:00\",\"breadcrumb\":{\"@id\":\"https:\/\/les3promises.com\/index.php\/la-brasserie-les-3-promises\/#breadcrumb\"},\"inLanguage\":\"fr-FR\",\"potentialAction\":[{\"@type\":\"ReadAction\",\"target\":[\"https:\/\/les3promises.com\/index.php\/la-brasserie-les-3-promises\/\"]}]},{\"@type\":\"BreadcrumbList\",\"@id\":\"https:\/\/les3promises.com\/index.php\/la-brasserie-les-3-promises\/#breadcrumb\",\"itemListElement\":[{\"@type\":\"ListItem\",\"position\":1,\"name\":\"Accueil\",\"item\":\"https:\/\/les3promises.com\/\"},{\"@type\":\"ListItem\",\"position\":2,\"name\":\"La brasserie les 3 promises\"}]}]}<\/script>\n<!-- \/ Yoast SEO plugin. -->","_links":{"self":[{"href":"https:\/\/les3promises.com\/index.php\/wp-json\/wp\/v2\/pages\/134"}],"collection":[{"href":"https:\/\/les3promises.com\/index.php\/wp-json\/wp\/v2\/pages"}],"about":[{"href":"https:\/\/les3promises.com\/index.php\/wp-json\/wp\/v2\/types\/page"}],"author":[{"embeddable":true,"href":"https:\/\/les3promises.com\/index.php\/wp-json\/wp\/v2\/users\/1"}],"replies":[{"embeddable":true,"href":"https:\/\/les3promises.com\/index.php\/wp-json\/wp\/v2\/comments?post=134"}],"version-history":[{"count":25,"href":"https:\/\/les3promises.com\/index.php\/wp-json\/wp\/v2\/pages\/134\/revisions"}],"predecessor-version":[{"id":336,"href":"https:\/\/les3promises.com\/index.php\/wp-json\/wp\/v2\/pages\/134\/revisions\/336"}],"wp:attachment":[{"href":"https:\/\/les3promises.com\/index.php\/wp-json\/wp\/v2\/media?parent=134"}],"curies":[{"name":"wp","href":"https:\/\/api.w.org\/{rel}","templated":true}]}}