{"id":120,"date":"2021-06-25T10:18:27","date_gmt":"2021-06-25T08:18:27","guid":{"rendered":"http:\/\/wrnzdpp.cluster028.hosting.ovh.net\/?post_type=product&#038;p=120"},"modified":"2022-01-14T09:59:42","modified_gmt":"2022-01-14T08:59:42","slug":"hefeweizen","status":"publish","type":"product","link":"https:\/\/les3promises.com\/index.php\/produit\/hefeweizen\/","title":{"rendered":"Hefeweizen"},"content":{"rendered":"","protected":false},"excerpt":{"rendered":"<p><strong>Bi\u00e8re de bl\u00e9 de type allemand qui fait ressortir des ar\u00f4mes de levure et de clou de girofle.<\/strong><\/p>\n<p><span class=\"product-sub-title\">D\u00e9gustation :<\/span><br \/>\nBi\u00e8re de bl\u00e9 allemande rafraichissante avec une fin de bouche s\u00e8che et avec des notes de levure tr\u00e8s caract\u00e9ristiques aux parfums de banane et de clou de girofle.<\/p>\n<p><span class=\"product-sub-title\">Ingr\u00e9dients :<\/span><br \/>\nEau<br \/>\nMalts : Froment, Pilsner<br \/>\nHoublon : Tradition, Mandarina Bavaria<br \/>\nLevure : Munich classic<\/p>\n<p><span class=\"product-sub-title\">Les accords mets et bi\u00e8re :<\/span><br \/>\nhu\u00eetres, poisson grill\u00e9, asperges, fromage de ch\u00e8vre.<\/p>\n<p>_______<\/p>\n<p><strong>Alcool :<\/strong> 5 %<\/p>\n<p><strong>Service :<\/strong> 6\u00b0C\u00a0 <strong><img class=\"alignnone size-full wp-image-125\" style=\"position: relative; top: -5px; width: 35px;\" src=\"https:\/\/les3promises.com\/wp-content\/uploads\/2021\/06\/brasserie-3-promises-neuvicq-temperature.jpg\" alt=\"\" width=\"58\" height=\"48\" \/><\/strong><\/p>\n<p><strong>Amertume : \u00a0<img class=\"alignnone size-full wp-image-126\" style=\"position: relative; top: -8px; width: 132px; margin-left: 10px;\" src=\"https:\/\/les3promises.com\/wp-content\/uploads\/2021\/06\/brasserie-3-promises-neuvicq-amertume1.jpg\" alt=\"\" width=\"202\" height=\"46\" srcset=\"https:\/\/les3promises.com\/wp-content\/uploads\/2021\/06\/brasserie-3-promises-neuvicq-amertume1-200x46.jpg 200w, https:\/\/les3promises.com\/wp-content\/uploads\/2021\/06\/brasserie-3-promises-neuvicq-amertume1.jpg 202w\" sizes=\"(max-width: 202px) 100vw, 202px\" \/><\/strong><\/p>\n<p><strong>Formats : <\/strong>33 cl \/ 75 cl \/ 20 L<\/p>\n<p><a class=\"buy-beer\" href=\"#\">Commander nos bi\u00e8res en ligne<\/a><\/p>\n","protected":false},"featured_media":121,"comment_status":"open","ping_status":"closed","template":"","meta":[],"product_cat":[19],"product_tag":[],"yoast_head":"<!-- This site is optimized with the Yoast SEO plugin v16.5 - https:\/\/yoast.com\/wordpress\/plugins\/seo\/ -->\n<title>Hefeweizen - Les 3 Promises<\/title>\n<meta name=\"robots\" content=\"index, follow, max-snippet:-1, max-image-preview:large, max-video-preview:-1\" \/>\n<link rel=\"canonical\" href=\"https:\/\/les3promises.com\/index.php\/produit\/hefeweizen\/\" \/>\n<meta property=\"og:locale\" content=\"fr_FR\" \/>\n<meta property=\"og:type\" content=\"article\" \/>\n<meta property=\"og:title\" content=\"Hefeweizen - Les 3 Promises\" \/>\n<meta property=\"og:description\" content=\"Bi\u00e8re de bl\u00e9 de type allemand qui fait ressortir des ar\u00f4mes de levure et de clou de girofle.  D\u00e9gustation : Bi\u00e8re de bl\u00e9 allemande rafraichissante avec une fin de bouche s\u00e8che et avec des notes de levure tr\u00e8s caract\u00e9ristiques aux parfums de banane et de clou de girofle.  Ingr\u00e9dients : Eau Malts : Froment, Pilsner Houblon : Tradition, Mandarina Bavaria Levure : Munich classic  Les accords mets et bi\u00e8re : hu\u00eetres, poisson grill\u00e9, asperges, fromage de ch\u00e8vre.  _______  Alcool : 5 %  Service : 6\u00b0C\u00a0   Amertume : \u00a0  Formats : 33 cl \/ 75 cl \/ 20 L  Commander nos bi\u00e8res en ligne\" \/>\n<meta property=\"og:url\" content=\"https:\/\/les3promises.com\/index.php\/produit\/hefeweizen\/\" \/>\n<meta property=\"og:site_name\" content=\"Les 3 Promises\" \/>\n<meta property=\"article:modified_time\" content=\"2022-01-14T08:59:42+00:00\" \/>\n<meta property=\"og:image\" content=\"https:\/\/les3promises.com\/wp-content\/uploads\/2021\/06\/brasserie-3-promises-neuvicq-biere1.jpg\" \/>\n\t<meta property=\"og:image:width\" content=\"800\" \/>\n\t<meta property=\"og:image:height\" content=\"1311\" \/>\n<meta name=\"twitter:card\" content=\"summary_large_image\" \/>\n<script type=\"application\/ld+json\" class=\"yoast-schema-graph\">{\"@context\":\"https:\/\/schema.org\",\"@graph\":[{\"@type\":\"WebSite\",\"@id\":\"https:\/\/les3promises.com\/#website\",\"url\":\"https:\/\/les3promises.com\/\",\"name\":\"Les 3 Promises\",\"description\":\"brasserie artisanale \\u00e0 Neuvicq en Charente-Maritime\",\"potentialAction\":[{\"@type\":\"SearchAction\",\"target\":\"https:\/\/les3promises.com\/?s={search_term_string}\",\"query-input\":\"required name=search_term_string\"}],\"inLanguage\":\"fr-FR\"},{\"@type\":\"ImageObject\",\"@id\":\"https:\/\/les3promises.com\/index.php\/produit\/hefeweizen\/#primaryimage\",\"inLanguage\":\"fr-FR\",\"url\":\"https:\/\/les3promises.com\/wp-content\/uploads\/2021\/06\/brasserie-3-promises-neuvicq-biere1.jpg\",\"contentUrl\":\"https:\/\/les3promises.com\/wp-content\/uploads\/2021\/06\/brasserie-3-promises-neuvicq-biere1.jpg\",\"width\":800,\"height\":1311},{\"@type\":\"WebPage\",\"@id\":\"https:\/\/les3promises.com\/index.php\/produit\/hefeweizen\/#webpage\",\"url\":\"https:\/\/les3promises.com\/index.php\/produit\/hefeweizen\/\",\"name\":\"Hefeweizen - Les 3 Promises\",\"isPartOf\":{\"@id\":\"https:\/\/les3promises.com\/#website\"},\"primaryImageOfPage\":{\"@id\":\"https:\/\/les3promises.com\/index.php\/produit\/hefeweizen\/#primaryimage\"},\"datePublished\":\"2021-06-25T08:18:27+00:00\",\"dateModified\":\"2022-01-14T08:59:42+00:00\",\"breadcrumb\":{\"@id\":\"https:\/\/les3promises.com\/index.php\/produit\/hefeweizen\/#breadcrumb\"},\"inLanguage\":\"fr-FR\",\"potentialAction\":[{\"@type\":\"ReadAction\",\"target\":[\"https:\/\/les3promises.com\/index.php\/produit\/hefeweizen\/\"]}]},{\"@type\":\"BreadcrumbList\",\"@id\":\"https:\/\/les3promises.com\/index.php\/produit\/hefeweizen\/#breadcrumb\",\"itemListElement\":[{\"@type\":\"ListItem\",\"position\":1,\"name\":\"Accueil\",\"item\":\"https:\/\/les3promises.com\/\"},{\"@type\":\"ListItem\",\"position\":2,\"name\":\"Boutique\",\"item\":\"https:\/\/les3promises.com\/index.php\/boutique\/\"},{\"@type\":\"ListItem\",\"position\":3,\"name\":\"Hefeweizen\"}]}]}<\/script>\n<!-- \/ Yoast SEO plugin. -->","_links":{"self":[{"href":"https:\/\/les3promises.com\/index.php\/wp-json\/wp\/v2\/product\/120"}],"collection":[{"href":"https:\/\/les3promises.com\/index.php\/wp-json\/wp\/v2\/product"}],"about":[{"href":"https:\/\/les3promises.com\/index.php\/wp-json\/wp\/v2\/types\/product"}],"replies":[{"embeddable":true,"href":"https:\/\/les3promises.com\/index.php\/wp-json\/wp\/v2\/comments?post=120"}],"wp:featuredmedia":[{"embeddable":true,"href":"https:\/\/les3promises.com\/index.php\/wp-json\/wp\/v2\/media\/121"}],"wp:attachment":[{"href":"https:\/\/les3promises.com\/index.php\/wp-json\/wp\/v2\/media?parent=120"}],"wp:term":[{"taxonomy":"product_cat","embeddable":true,"href":"https:\/\/les3promises.com\/index.php\/wp-json\/wp\/v2\/product_cat?post=120"},{"taxonomy":"product_tag","embeddable":true,"href":"https:\/\/les3promises.com\/index.php\/wp-json\/wp\/v2\/product_tag?post=120"}],"curies":[{"name":"wp","href":"https:\/\/api.w.org\/{rel}","templated":true}]}}