{"id":130,"date":"2021-06-25T12:12:40","date_gmt":"2021-06-25T10:12:40","guid":{"rendered":"http:\/\/wrnzdpp.cluster028.hosting.ovh.net\/?post_type=product&#038;p=130"},"modified":"2022-01-12T14:53:36","modified_gmt":"2022-01-12T13:53:36","slug":"gose","status":"publish","type":"product","link":"https:\/\/les3promises.com\/index.php\/produit\/gose\/","title":{"rendered":"Gose"},"content":{"rendered":"","protected":false},"excerpt":{"rendered":"<p><strong>Bi\u00e8re de bl\u00e9 allemande l\u00e9g\u00e8rement sal\u00e9e et volontairement acide.<\/strong><\/p>\n<p><span class=\"product-sub-title\">D\u00e9gustation :<\/span><br \/>\nDes notes d\u2019ananas se distinguent au nez. En bouche une belle acidit\u00e9 accompagn\u00e9e d\u2019un go\u00fbt d\u2019ananas et une fin de bouche l\u00e9g\u00e8rement saline.<\/p>\n<p><span class=\"product-sub-title\">Ingr\u00e9dients :<\/span><br \/>\nEau<br \/>\nMalts : Froment, Pilsner<br \/>\nFruits : Pur\u00e9e d\u2019ananas<br \/>\nEpices : Coriandre<br \/>\nAutre ajout : sel<br \/>\nHoublons : Mandarina Bavaria<br \/>\nLevure : Wildbrew Philly Sour<\/p>\n<p><span class=\"product-sub-title\">Les accords mets et bi\u00e8re :<br \/>\nSushi, hu\u00eetres, poisson fum\u00e9<\/span><\/p>\n<p>_______<\/p>\n<p><strong>Alcool :<\/strong> 3.5 %<\/p>\n<p><strong>Service :<\/strong> 6\u00b0C\u00a0 <strong><img class=\"alignnone size-full wp-image-125\" style=\"position: relative; top: -5px; width: 35px;\" src=\"https:\/\/les3promises.com\/wp-content\/uploads\/2021\/06\/brasserie-3-promises-neuvicq-temperature.jpg\" alt=\"\" width=\"58\" height=\"48\" \/><\/strong><\/p>\n<p><strong>Formats : <\/strong>33 cl<\/p>\n<p><a class=\"buy-beer\" href=\"#\">Commander nos bi\u00e8res en ligne<\/a><\/p>\n","protected":false},"featured_media":288,"comment_status":"open","ping_status":"closed","template":"","meta":[],"product_cat":[19],"product_tag":[],"yoast_head":"<!-- This site is optimized with the Yoast SEO plugin v16.5 - https:\/\/yoast.com\/wordpress\/plugins\/seo\/ -->\n<title>Gose - Les 3 Promises<\/title>\n<meta name=\"robots\" content=\"index, follow, max-snippet:-1, max-image-preview:large, max-video-preview:-1\" \/>\n<link rel=\"canonical\" href=\"https:\/\/les3promises.com\/index.php\/produit\/gose\/\" \/>\n<meta property=\"og:locale\" content=\"fr_FR\" \/>\n<meta property=\"og:type\" content=\"article\" \/>\n<meta property=\"og:title\" content=\"Gose - Les 3 Promises\" \/>\n<meta property=\"og:description\" content=\"Bi\u00e8re de bl\u00e9 allemande l\u00e9g\u00e8rement sal\u00e9e et volontairement acide.  D\u00e9gustation : Des notes d\u2019ananas se distinguent au nez. En bouche une belle acidit\u00e9 accompagn\u00e9e d\u2019un go\u00fbt d\u2019ananas et une fin de bouche l\u00e9g\u00e8rement saline.  Ingr\u00e9dients : Eau Malts : Froment, Pilsner Fruits : Pur\u00e9e d\u2019ananas Epices : Coriandre Autre ajout : sel Houblons : Mandarina Bavaria Levure : Wildbrew Philly Sour  Les accords mets et bi\u00e8re : Sushi, hu\u00eetres, poisson fum\u00e9  _______  Alcool : 3.5 %  Service : 6\u00b0C\u00a0   Formats : 33 cl  Commander nos bi\u00e8res en ligne\" \/>\n<meta property=\"og:url\" content=\"https:\/\/les3promises.com\/index.php\/produit\/gose\/\" \/>\n<meta property=\"og:site_name\" content=\"Les 3 Promises\" \/>\n<meta property=\"article:modified_time\" content=\"2022-01-12T13:53:36+00:00\" \/>\n<meta property=\"og:image\" content=\"http:\/\/les3promises.com\/wp-content\/uploads\/2021\/06\/brasserie-3-promises-neuvicq-gose.jpg\" \/>\n\t<meta property=\"og:image:width\" content=\"800\" \/>\n\t<meta property=\"og:image:height\" content=\"1311\" \/>\n<meta name=\"twitter:card\" content=\"summary_large_image\" \/>\n<script type=\"application\/ld+json\" class=\"yoast-schema-graph\">{\"@context\":\"https:\/\/schema.org\",\"@graph\":[{\"@type\":\"WebSite\",\"@id\":\"https:\/\/les3promises.com\/#website\",\"url\":\"https:\/\/les3promises.com\/\",\"name\":\"Les 3 Promises\",\"description\":\"brasserie artisanale \\u00e0 Neuvicq en Charente-Maritime\",\"potentialAction\":[{\"@type\":\"SearchAction\",\"target\":\"https:\/\/les3promises.com\/?s={search_term_string}\",\"query-input\":\"required name=search_term_string\"}],\"inLanguage\":\"fr-FR\"},{\"@type\":\"ImageObject\",\"@id\":\"https:\/\/les3promises.com\/index.php\/produit\/gose\/#primaryimage\",\"inLanguage\":\"fr-FR\",\"url\":\"https:\/\/les3promises.com\/wp-content\/uploads\/2021\/06\/brasserie-3-promises-neuvicq-gose.jpg\",\"contentUrl\":\"https:\/\/les3promises.com\/wp-content\/uploads\/2021\/06\/brasserie-3-promises-neuvicq-gose.jpg\",\"width\":800,\"height\":1311},{\"@type\":\"WebPage\",\"@id\":\"https:\/\/les3promises.com\/index.php\/produit\/gose\/#webpage\",\"url\":\"https:\/\/les3promises.com\/index.php\/produit\/gose\/\",\"name\":\"Gose - Les 3 Promises\",\"isPartOf\":{\"@id\":\"https:\/\/les3promises.com\/#website\"},\"primaryImageOfPage\":{\"@id\":\"https:\/\/les3promises.com\/index.php\/produit\/gose\/#primaryimage\"},\"datePublished\":\"2021-06-25T10:12:40+00:00\",\"dateModified\":\"2022-01-12T13:53:36+00:00\",\"breadcrumb\":{\"@id\":\"https:\/\/les3promises.com\/index.php\/produit\/gose\/#breadcrumb\"},\"inLanguage\":\"fr-FR\",\"potentialAction\":[{\"@type\":\"ReadAction\",\"target\":[\"https:\/\/les3promises.com\/index.php\/produit\/gose\/\"]}]},{\"@type\":\"BreadcrumbList\",\"@id\":\"https:\/\/les3promises.com\/index.php\/produit\/gose\/#breadcrumb\",\"itemListElement\":[{\"@type\":\"ListItem\",\"position\":1,\"name\":\"Accueil\",\"item\":\"https:\/\/les3promises.com\/\"},{\"@type\":\"ListItem\",\"position\":2,\"name\":\"Boutique\",\"item\":\"https:\/\/les3promises.com\/index.php\/boutique\/\"},{\"@type\":\"ListItem\",\"position\":3,\"name\":\"Gose\"}]}]}<\/script>\n<!-- \/ Yoast SEO plugin. -->","_links":{"self":[{"href":"https:\/\/les3promises.com\/index.php\/wp-json\/wp\/v2\/product\/130"}],"collection":[{"href":"https:\/\/les3promises.com\/index.php\/wp-json\/wp\/v2\/product"}],"about":[{"href":"https:\/\/les3promises.com\/index.php\/wp-json\/wp\/v2\/types\/product"}],"replies":[{"embeddable":true,"href":"https:\/\/les3promises.com\/index.php\/wp-json\/wp\/v2\/comments?post=130"}],"wp:featuredmedia":[{"embeddable":true,"href":"https:\/\/les3promises.com\/index.php\/wp-json\/wp\/v2\/media\/288"}],"wp:attachment":[{"href":"https:\/\/les3promises.com\/index.php\/wp-json\/wp\/v2\/media?parent=130"}],"wp:term":[{"taxonomy":"product_cat","embeddable":true,"href":"https:\/\/les3promises.com\/index.php\/wp-json\/wp\/v2\/product_cat?post=130"},{"taxonomy":"product_tag","embeddable":true,"href":"https:\/\/les3promises.com\/index.php\/wp-json\/wp\/v2\/product_tag?post=130"}],"curies":[{"name":"wp","href":"https:\/\/api.w.org\/{rel}","templated":true}]}}