{"id":333,"date":"2022-01-12T14:55:44","date_gmt":"2022-01-12T13:55:44","guid":{"rendered":"http:\/\/les3promises.com\/?post_type=product&#038;p=333"},"modified":"2022-01-14T10:03:26","modified_gmt":"2022-01-14T09:03:26","slug":"mango-biper","status":"publish","type":"product","link":"https:\/\/les3promises.com\/index.php\/produit\/mango-biper\/","title":{"rendered":"Mango Biper"},"content":{"rendered":"","protected":false},"excerpt":{"rendered":"<p><strong>Une bi\u00e8re d\u2019hiver sous les tropiques.<\/strong><\/p>\n<p><span class=\"product-sub-title\">D\u00e9gustation :<\/span><br \/>\nLa douceur de la mangue avec une pointe de piment d\u2019Espelette pour enflammer le tout.<\/p>\n<p><span class=\"product-sub-title\">Ingr\u00e9dients :<\/span><br \/>\nEau<br \/>\nMalts : Pale, Biscuit<br \/>\nFruit : Pur\u00e9e de mangue<br \/>\n\u00c9pice : Piment d\u2019Espelette<br \/>\nFlocons: Avoine<br \/>\nHoublons : El dorado, Ekuanot<br \/>\nLevure : Verdant<\/p>\n<p><span class=\"product-sub-title\">Les accords mets et bi\u00e8re :<\/span><br \/>\nPlats asiatiques, mousse au chocolat noir, pizza hawa\u00efenne, riz au lait<\/p>\n<p>_______<\/p>\n<p><strong>Alcool :<\/strong> 6.2 %<\/p>\n<p><strong>Service :<\/strong> 6-8\u00b0C\u00a0 <strong><img class=\"alignnone size-full wp-image-125\" style=\"position: relative; top: -5px; width: 35px;\" src=\"https:\/\/les3promises.com\/wp-content\/uploads\/2021\/06\/brasserie-3-promises-neuvicq-temperature.jpg\" alt=\"\" width=\"58\" height=\"48\" \/><\/strong><\/p>\n<p><strong>Formats : <\/strong>33 cl<\/p>\n<p><a class=\"buy-beer\" href=\"#\">Commander nos bi\u00e8res en ligne<\/a><\/p>\n","protected":false},"featured_media":334,"comment_status":"open","ping_status":"closed","template":"","meta":[],"product_cat":[20],"product_tag":[],"yoast_head":"<!-- This site is optimized with the Yoast SEO plugin v16.5 - https:\/\/yoast.com\/wordpress\/plugins\/seo\/ -->\n<title>Mango Biper - Les 3 Promises<\/title>\n<meta name=\"robots\" content=\"index, follow, max-snippet:-1, max-image-preview:large, max-video-preview:-1\" \/>\n<link rel=\"canonical\" href=\"https:\/\/les3promises.com\/index.php\/produit\/mango-biper\/\" \/>\n<meta property=\"og:locale\" content=\"fr_FR\" \/>\n<meta property=\"og:type\" content=\"article\" \/>\n<meta property=\"og:title\" content=\"Mango Biper - Les 3 Promises\" \/>\n<meta property=\"og:description\" content=\"Une bi\u00e8re d\u2019hiver sous les tropiques.  D\u00e9gustation : La douceur de la mangue avec une pointe de piment d\u2019Espelette pour enflammer le tout.  Ingr\u00e9dients : Eau Malts : Pale, Biscuit Fruit : Pur\u00e9e de mangue \u00c9pice : Piment d\u2019Espelette Flocons: Avoine Houblons : El dorado, Ekuanot Levure : Verdant  Les accords mets et bi\u00e8re : Plats asiatiques, mousse au chocolat noir, pizza hawa\u00efenne, riz au lait  _______  Alcool : 6.2 %  Service : 6-8\u00b0C\u00a0   Formats : 33 cl  Commander nos bi\u00e8res en ligne\" \/>\n<meta property=\"og:url\" content=\"https:\/\/les3promises.com\/index.php\/produit\/mango-biper\/\" \/>\n<meta property=\"og:site_name\" content=\"Les 3 Promises\" \/>\n<meta property=\"article:modified_time\" content=\"2022-01-14T09:03:26+00:00\" \/>\n<meta property=\"og:image\" content=\"https:\/\/les3promises.com\/wp-content\/uploads\/2022\/01\/brasserie-3-promises-neuvicq-biere_mango_biper.jpg\" \/>\n\t<meta property=\"og:image:width\" content=\"800\" \/>\n\t<meta property=\"og:image:height\" content=\"1311\" \/>\n<meta name=\"twitter:card\" content=\"summary_large_image\" \/>\n<script type=\"application\/ld+json\" class=\"yoast-schema-graph\">{\"@context\":\"https:\/\/schema.org\",\"@graph\":[{\"@type\":\"WebSite\",\"@id\":\"https:\/\/les3promises.com\/#website\",\"url\":\"https:\/\/les3promises.com\/\",\"name\":\"Les 3 Promises\",\"description\":\"brasserie artisanale \\u00e0 Neuvicq en Charente-Maritime\",\"potentialAction\":[{\"@type\":\"SearchAction\",\"target\":\"https:\/\/les3promises.com\/?s={search_term_string}\",\"query-input\":\"required name=search_term_string\"}],\"inLanguage\":\"fr-FR\"},{\"@type\":\"ImageObject\",\"@id\":\"https:\/\/les3promises.com\/index.php\/produit\/mango-biper\/#primaryimage\",\"inLanguage\":\"fr-FR\",\"url\":\"https:\/\/les3promises.com\/wp-content\/uploads\/2022\/01\/brasserie-3-promises-neuvicq-biere_mango_biper.jpg\",\"contentUrl\":\"https:\/\/les3promises.com\/wp-content\/uploads\/2022\/01\/brasserie-3-promises-neuvicq-biere_mango_biper.jpg\",\"width\":800,\"height\":1311},{\"@type\":\"WebPage\",\"@id\":\"https:\/\/les3promises.com\/index.php\/produit\/mango-biper\/#webpage\",\"url\":\"https:\/\/les3promises.com\/index.php\/produit\/mango-biper\/\",\"name\":\"Mango Biper - Les 3 Promises\",\"isPartOf\":{\"@id\":\"https:\/\/les3promises.com\/#website\"},\"primaryImageOfPage\":{\"@id\":\"https:\/\/les3promises.com\/index.php\/produit\/mango-biper\/#primaryimage\"},\"datePublished\":\"2022-01-12T13:55:44+00:00\",\"dateModified\":\"2022-01-14T09:03:26+00:00\",\"breadcrumb\":{\"@id\":\"https:\/\/les3promises.com\/index.php\/produit\/mango-biper\/#breadcrumb\"},\"inLanguage\":\"fr-FR\",\"potentialAction\":[{\"@type\":\"ReadAction\",\"target\":[\"https:\/\/les3promises.com\/index.php\/produit\/mango-biper\/\"]}]},{\"@type\":\"BreadcrumbList\",\"@id\":\"https:\/\/les3promises.com\/index.php\/produit\/mango-biper\/#breadcrumb\",\"itemListElement\":[{\"@type\":\"ListItem\",\"position\":1,\"name\":\"Accueil\",\"item\":\"https:\/\/les3promises.com\/\"},{\"@type\":\"ListItem\",\"position\":2,\"name\":\"Boutique\",\"item\":\"https:\/\/les3promises.com\/index.php\/boutique\/\"},{\"@type\":\"ListItem\",\"position\":3,\"name\":\"Mango Biper\"}]}]}<\/script>\n<!-- \/ Yoast SEO plugin. -->","_links":{"self":[{"href":"https:\/\/les3promises.com\/index.php\/wp-json\/wp\/v2\/product\/333"}],"collection":[{"href":"https:\/\/les3promises.com\/index.php\/wp-json\/wp\/v2\/product"}],"about":[{"href":"https:\/\/les3promises.com\/index.php\/wp-json\/wp\/v2\/types\/product"}],"replies":[{"embeddable":true,"href":"https:\/\/les3promises.com\/index.php\/wp-json\/wp\/v2\/comments?post=333"}],"wp:featuredmedia":[{"embeddable":true,"href":"https:\/\/les3promises.com\/index.php\/wp-json\/wp\/v2\/media\/334"}],"wp:attachment":[{"href":"https:\/\/les3promises.com\/index.php\/wp-json\/wp\/v2\/media?parent=333"}],"wp:term":[{"taxonomy":"product_cat","embeddable":true,"href":"https:\/\/les3promises.com\/index.php\/wp-json\/wp\/v2\/product_cat?post=333"},{"taxonomy":"product_tag","embeddable":true,"href":"https:\/\/les3promises.com\/index.php\/wp-json\/wp\/v2\/product_tag?post=333"}],"curies":[{"name":"wp","href":"https:\/\/api.w.org\/{rel}","templated":true}]}}